{"id":2029,"date":"2025-10-22T14:01:41","date_gmt":"2025-10-22T06:01:41","guid":{"rendered":"https:\/\/oneday.xin\/?post_type=product&#038;p=2029"},"modified":"2025-10-22T14:01:41","modified_gmt":"2025-10-22T06:01:41","slug":"maquina-de-costura-multifuncional-14-pontos-bivolt-diversas-funcoes","status":"publish","type":"product","link":"https:\/\/oneday.xin\/?product=maquina-de-costura-multifuncional-14-pontos-bivolt-diversas-funcoes","title":{"rendered":"M\u00e1quina de Costura Multifuncional 14 Pontos Bivolt Diversas Fun\u00e7\u00f5es"},"content":{"rendered":"<p>M\u00e1quina de Costura Multifuncional 14 Pontos Bivolt Diversas Fun\u00e7\u00f5es<\/p>\n","protected":false},"excerpt":{"rendered":"<p>M\u00e1quina de Costura Multifuncio&hellip;<\/p>\n","protected":false},"featured_media":2030,"template":"","meta":{"_acf_changed":false},"product_cat":[114,118],"product_tag":[],"class_list":{"0":"post-2029","1":"product","2":"type-product","3":"status-publish","4":"has-post-thumbnail","6":"product_cat-brazil","7":"product_cat-home-life-brazil","9":"first","10":"instock","11":"sale","12":"shipping-taxable","13":"product-type-external"},"acf":[],"_links":{"self":[{"href":"https:\/\/oneday.xin\/index.php?rest_route=\/wp\/v2\/product\/2029","targetHints":{"allow":["GET"]}}],"collection":[{"href":"https:\/\/oneday.xin\/index.php?rest_route=\/wp\/v2\/product"}],"about":[{"href":"https:\/\/oneday.xin\/index.php?rest_route=\/wp\/v2\/types\/product"}],"version-history":[{"count":1,"href":"https:\/\/oneday.xin\/index.php?rest_route=\/wp\/v2\/product\/2029\/revisions"}],"predecessor-version":[{"id":2031,"href":"https:\/\/oneday.xin\/index.php?rest_route=\/wp\/v2\/product\/2029\/revisions\/2031"}],"wp:featuredmedia":[{"embeddable":true,"href":"https:\/\/oneday.xin\/index.php?rest_route=\/wp\/v2\/media\/2030"}],"wp:attachment":[{"href":"https:\/\/oneday.xin\/index.php?rest_route=%2Fwp%2Fv2%2Fmedia&parent=2029"}],"wp:term":[{"taxonomy":"product_cat","embeddable":true,"href":"https:\/\/oneday.xin\/index.php?rest_route=%2Fwp%2Fv2%2Fproduct_cat&post=2029"},{"taxonomy":"product_tag","embeddable":true,"href":"https:\/\/oneday.xin\/index.php?rest_route=%2Fwp%2Fv2%2Fproduct_tag&post=2029"}],"curies":[{"name":"wp","href":"https:\/\/api.w.org\/{rel}","templated":true}]}}